{"id":169,"date":"2022-10-24T00:50:07","date_gmt":"2022-10-23T22:50:07","guid":{"rendered":"http:\/\/puericantores.pl\/?page_id=169"},"modified":"2026-02-04T21:13:14","modified_gmt":"2026-02-04T20:13:14","slug":"prezydium-polskiej-federacji","status":"publish","type":"page","link":"https:\/\/puericantores.pl\/?page_id=169","title":{"rendered":"Prezydium Polskiej Federacji"},"content":{"rendered":"\n<p><strong>Prezydent:<\/strong><\/p>\n\n\n\n<p>ks. Szymon Daszkiewicz<br>ul. Filipi\u0144ska 4, 61-123 Pozna\u0144<br>e-mail: szdaszkiewicz@o2.pl<\/p>\n\n\n\n<p><strong>V-ce Prezydent:<\/strong><\/p>\n\n\n\n<p>Prof. dr hab. Dariusz Dyczewski<br><\/p>\n\n\n\n<p><strong>V-ce Prezydent:<\/strong><\/p>\n\n\n\n<p>Micha\u0142 Filimon<\/p>\n\n\n\n<p><strong>Skarbnik:<\/strong><\/p>\n\n\n\n<p>Halina Dyczek<\/p>\n\n\n\n<p><strong>Sekretarz:<\/strong><\/p>\n\n\n\n<p>Wojciech Matecki<\/p>\n\n\n\n<p>e-mail: <a href=\"mailto:wojciech.matecki@puericantores.pl\">wojciech.matecki@puericantores.pl<\/a><\/p>\n\n\n\n<p><strong>Asystent Ko\u015bcielny:<\/strong><\/p>\n\n\n\n<p>Ks. Piotr PRZYBYSZ<br><\/p>\n\n\n\n<p><strong>Prezydent Honorowy Federacji<\/strong><\/p>\n\n\n\n<p><strong>Konsultant muzyczny:<\/strong><\/p>\n\n\n\n<p>Ks. prof. Andrzej Zaj\u0105c<br>ul. Kapitulna 2<br>33-100 Tarn\u00f3w<br>tel.: +48 602 123 786<br>e-mail: anzajac@gmail.com<\/p>\n\n\n\n<p><strong>Prezydent Honorowy Federacji:<\/strong><\/p>\n\n\n\n<p>Ks. dr hab. Robert Tyra\u0142a<br>tel.: +48 606 370 740<br>e-mail: robert.tyrala@upjp2.edu.pl<\/p>\n\n\n\n<p><strong>KOMISJA REWIZYJNA<\/strong><\/p>\n\n\n\n<p><strong>Przewodnicz\u0105ca:<\/strong><\/p>\n\n\n\n<p>Emilia Kopiec<\/p>\n\n\n\n<p><br><strong>Cz\u0142onek:<\/strong><\/p>\n\n\n\n<p>Irena So\u0142tan-W\u0105sik<\/p>\n\n\n\n<p><br><strong>Cz\u0142onek:<\/strong><\/p>\n\n\n\n<p>Jolana Sosinska<\/p>\n","protected":false},"excerpt":{"rendered":"<p>Prezydent: ks. Szymon Daszkiewiczul. Filipi\u0144ska 4, 61-123 Pozna\u0144e-mail: szdaszkiewicz@o2.pl V-ce Prezydent: Prof. dr hab. Dariusz Dyczewski V-ce Prezydent: Micha\u0142 Filimon Skarbnik: Halina Dyczek Sekretarz: Wojciech Matecki e-mail: wojciech.matecki@puericantores.pl &hellip;<\/p>\n","protected":false},"author":1,"featured_media":0,"parent":0,"menu_order":0,"comment_status":"closed","ping_status":"closed","template":"","meta":{"footnotes":""},"class_list":["post-169","page","type-page","status-publish","hentry"],"yoast_head":"<!-- This site is optimized with the Yoast SEO plugin v25.5 - https:\/\/yoast.com\/wordpress\/plugins\/seo\/ -->\n<title>Prezydium Polskiej Federacji - Polska Federacja Pueri Cantores<\/title>\n<meta name=\"robots\" content=\"index, follow, max-snippet:-1, max-image-preview:large, max-video-preview:-1\" \/>\n<link rel=\"canonical\" href=\"https:\/\/puericantores.pl\/?page_id=169\" \/>\n<meta property=\"og:locale\" content=\"pl_PL\" \/>\n<meta property=\"og:type\" content=\"article\" \/>\n<meta property=\"og:title\" content=\"Prezydium Polskiej Federacji - Polska Federacja Pueri Cantores\" \/>\n<meta property=\"og:description\" content=\"Prezydent: ks. Szymon Daszkiewiczul. Filipi\u0144ska 4, 61-123 Pozna\u0144e-mail: szdaszkiewicz@o2.pl V-ce Prezydent: Prof. dr hab. Dariusz Dyczewski V-ce Prezydent: Micha\u0142 Filimon Skarbnik: Halina Dyczek Sekretarz: Wojciech Matecki e-mail: wojciech.matecki@puericantores.pl &hellip;\" \/>\n<meta property=\"og:url\" content=\"https:\/\/puericantores.pl\/?page_id=169\" \/>\n<meta property=\"og:site_name\" content=\"Polska Federacja Pueri Cantores\" \/>\n<meta property=\"article:modified_time\" content=\"2026-02-04T20:13:14+00:00\" \/>\n<meta name=\"twitter:card\" content=\"summary_large_image\" \/>\n<meta name=\"twitter:label1\" content=\"Szacowany czas czytania\" \/>\n\t<meta name=\"twitter:data1\" content=\"1 minuta\" \/>\n<script type=\"application\/ld+json\" class=\"yoast-schema-graph\">{\"@context\":\"https:\/\/schema.org\",\"@graph\":[{\"@type\":\"WebPage\",\"@id\":\"https:\/\/puericantores.pl\/?page_id=169\",\"url\":\"https:\/\/puericantores.pl\/?page_id=169\",\"name\":\"Prezydium Polskiej Federacji - Polska Federacja Pueri Cantores\",\"isPartOf\":{\"@id\":\"http:\/\/puericantores.pl\/#website\"},\"datePublished\":\"2022-10-23T22:50:07+00:00\",\"dateModified\":\"2026-02-04T20:13:14+00:00\",\"breadcrumb\":{\"@id\":\"https:\/\/puericantores.pl\/?page_id=169#breadcrumb\"},\"inLanguage\":\"pl-PL\",\"potentialAction\":[{\"@type\":\"ReadAction\",\"target\":[\"https:\/\/puericantores.pl\/?page_id=169\"]}]},{\"@type\":\"BreadcrumbList\",\"@id\":\"https:\/\/puericantores.pl\/?page_id=169#breadcrumb\",\"itemListElement\":[{\"@type\":\"ListItem\",\"position\":1,\"name\":\"Home\",\"item\":\"http:\/\/puericantores.pl\/\"},{\"@type\":\"ListItem\",\"position\":2,\"name\":\"Prezydium Polskiej Federacji\"}]},{\"@type\":\"WebSite\",\"@id\":\"http:\/\/puericantores.pl\/#website\",\"url\":\"http:\/\/puericantores.pl\/\",\"name\":\"Polska Federacja Pueri Cantores\",\"description\":\"\",\"publisher\":{\"@id\":\"http:\/\/puericantores.pl\/#organization\"},\"potentialAction\":[{\"@type\":\"SearchAction\",\"target\":{\"@type\":\"EntryPoint\",\"urlTemplate\":\"http:\/\/puericantores.pl\/?s={search_term_string}\"},\"query-input\":{\"@type\":\"PropertyValueSpecification\",\"valueRequired\":true,\"valueName\":\"search_term_string\"}}],\"inLanguage\":\"pl-PL\"},{\"@type\":\"Organization\",\"@id\":\"http:\/\/puericantores.pl\/#organization\",\"name\":\"Polska Federacja Pueri Cantores\",\"url\":\"http:\/\/puericantores.pl\/\",\"logo\":{\"@type\":\"ImageObject\",\"inLanguage\":\"pl-PL\",\"@id\":\"http:\/\/puericantores.pl\/#\/schema\/logo\/image\/\",\"url\":\"https:\/\/puericantores.pl\/wp-content\/uploads\/2022\/10\/cropped-cropped-pueri.png\",\"contentUrl\":\"https:\/\/puericantores.pl\/wp-content\/uploads\/2022\/10\/cropped-cropped-pueri.png\",\"width\":512,\"height\":512,\"caption\":\"Polska Federacja Pueri Cantores\"},\"image\":{\"@id\":\"http:\/\/puericantores.pl\/#\/schema\/logo\/image\/\"}}]}<\/script>\n<!-- \/ Yoast SEO plugin. -->","yoast_head_json":{"title":"Prezydium Polskiej Federacji - Polska Federacja Pueri Cantores","robots":{"index":"index","follow":"follow","max-snippet":"max-snippet:-1","max-image-preview":"max-image-preview:large","max-video-preview":"max-video-preview:-1"},"canonical":"https:\/\/puericantores.pl\/?page_id=169","og_locale":"pl_PL","og_type":"article","og_title":"Prezydium Polskiej Federacji - Polska Federacja Pueri Cantores","og_description":"Prezydent: ks. Szymon Daszkiewiczul. Filipi\u0144ska 4, 61-123 Pozna\u0144e-mail: szdaszkiewicz@o2.pl V-ce Prezydent: Prof. dr hab. Dariusz Dyczewski V-ce Prezydent: Micha\u0142 Filimon Skarbnik: Halina Dyczek Sekretarz: Wojciech Matecki e-mail: wojciech.matecki@puericantores.pl &hellip;","og_url":"https:\/\/puericantores.pl\/?page_id=169","og_site_name":"Polska Federacja Pueri Cantores","article_modified_time":"2026-02-04T20:13:14+00:00","twitter_card":"summary_large_image","twitter_misc":{"Szacowany czas czytania":"1 minuta"},"schema":{"@context":"https:\/\/schema.org","@graph":[{"@type":"WebPage","@id":"https:\/\/puericantores.pl\/?page_id=169","url":"https:\/\/puericantores.pl\/?page_id=169","name":"Prezydium Polskiej Federacji - Polska Federacja Pueri Cantores","isPartOf":{"@id":"http:\/\/puericantores.pl\/#website"},"datePublished":"2022-10-23T22:50:07+00:00","dateModified":"2026-02-04T20:13:14+00:00","breadcrumb":{"@id":"https:\/\/puericantores.pl\/?page_id=169#breadcrumb"},"inLanguage":"pl-PL","potentialAction":[{"@type":"ReadAction","target":["https:\/\/puericantores.pl\/?page_id=169"]}]},{"@type":"BreadcrumbList","@id":"https:\/\/puericantores.pl\/?page_id=169#breadcrumb","itemListElement":[{"@type":"ListItem","position":1,"name":"Home","item":"http:\/\/puericantores.pl\/"},{"@type":"ListItem","position":2,"name":"Prezydium Polskiej Federacji"}]},{"@type":"WebSite","@id":"http:\/\/puericantores.pl\/#website","url":"http:\/\/puericantores.pl\/","name":"Polska Federacja Pueri Cantores","description":"","publisher":{"@id":"http:\/\/puericantores.pl\/#organization"},"potentialAction":[{"@type":"SearchAction","target":{"@type":"EntryPoint","urlTemplate":"http:\/\/puericantores.pl\/?s={search_term_string}"},"query-input":{"@type":"PropertyValueSpecification","valueRequired":true,"valueName":"search_term_string"}}],"inLanguage":"pl-PL"},{"@type":"Organization","@id":"http:\/\/puericantores.pl\/#organization","name":"Polska Federacja Pueri Cantores","url":"http:\/\/puericantores.pl\/","logo":{"@type":"ImageObject","inLanguage":"pl-PL","@id":"http:\/\/puericantores.pl\/#\/schema\/logo\/image\/","url":"https:\/\/puericantores.pl\/wp-content\/uploads\/2022\/10\/cropped-cropped-pueri.png","contentUrl":"https:\/\/puericantores.pl\/wp-content\/uploads\/2022\/10\/cropped-cropped-pueri.png","width":512,"height":512,"caption":"Polska Federacja Pueri Cantores"},"image":{"@id":"http:\/\/puericantores.pl\/#\/schema\/logo\/image\/"}}]}},"_links":{"self":[{"href":"https:\/\/puericantores.pl\/index.php?rest_route=\/wp\/v2\/pages\/169","targetHints":{"allow":["GET"]}}],"collection":[{"href":"https:\/\/puericantores.pl\/index.php?rest_route=\/wp\/v2\/pages"}],"about":[{"href":"https:\/\/puericantores.pl\/index.php?rest_route=\/wp\/v2\/types\/page"}],"author":[{"embeddable":true,"href":"https:\/\/puericantores.pl\/index.php?rest_route=\/wp\/v2\/users\/1"}],"replies":[{"embeddable":true,"href":"https:\/\/puericantores.pl\/index.php?rest_route=%2Fwp%2Fv2%2Fcomments&post=169"}],"version-history":[{"count":3,"href":"https:\/\/puericantores.pl\/index.php?rest_route=\/wp\/v2\/pages\/169\/revisions"}],"predecessor-version":[{"id":305,"href":"https:\/\/puericantores.pl\/index.php?rest_route=\/wp\/v2\/pages\/169\/revisions\/305"}],"wp:attachment":[{"href":"https:\/\/puericantores.pl\/index.php?rest_route=%2Fwp%2Fv2%2Fmedia&parent=169"}],"curies":[{"name":"wp","href":"https:\/\/api.w.org\/{rel}","templated":true}]}}