{"id":196,"date":"2022-10-24T00:57:18","date_gmt":"2022-10-23T22:57:18","guid":{"rendered":"http:\/\/puericantores.pl\/?page_id=196"},"modified":"2022-10-24T00:57:18","modified_gmt":"2022-10-23T22:57:18","slug":"slowiki-lubelskie","status":"publish","type":"page","link":"https:\/\/puericantores.pl\/?page_id=196","title":{"rendered":"S\u0142owiki Lubelskie"},"content":{"rendered":"\n<p>Ch\u00f3r Ch\u0142opi\u0119cy \u201eS\u0142owiki Lubelskie\u201d powsta\u0142 w 1986 roku z inicjatywy Bronis\u0142awa Mikity<\/p>\n\n\n\n<p>\u2013 \u00f3wczesnego dyrygenta lubelskiego ch\u00f3ru \u201eEcho\u201d. Siedzib\u0105 Ch\u00f3ru jest Wojew\u00f3dzki<\/p>\n\n\n\n<p>O\u015brodek Kultury w Lublinie, a opiek\u0119 organizacyjn\u0105 nad zespo\u0142em sprawuje Stowarzyszenie<\/p>\n\n\n\n<p>Wspierania Ch\u00f3ru Ch\u0142opi\u0119cego \u201eS\u0142owiki Lubelskie\u201d.<\/p>\n\n\n\n<p>W sk\u0142ad \u201eS\u0142owik\u00f3w Lubelskich\u201d wchodz\u0105 uczniowie lubelskich szk\u00f3\u0142 podstawowych,<\/p>\n\n\n\n<p>gimnazjalnych, ponadgimnazjalnych, a tak\u017ce studenci uczelni wy\u017cszych. Obecnie Ch\u00f3r liczy<\/p>\n\n\n\n<p>sobie oko\u0142o 60 \u015bpiewak\u00f3w.<\/p>\n\n\n\n<p>Repertuar Ch\u00f3ru, to utwory sakralne i ludowe kompozytor\u00f3w polskich i obcych od<\/p>\n\n\n\n<p>\u015bredniowiecza po czasy wsp\u00f3\u0142czesne, a tak\u017ce wielkie formy muzyczne tj. symfonie, opery czy<\/p>\n\n\n\n<p>dzie\u0142a oratoryjno-kantatowe.<\/p>\n\n\n\n<p>\u201eS\u0142owiki Lubelskie\u201d aktywnie uczestnicz\u0105 w \u017cyciu muzycznym miasta Lublin oraz<\/p>\n\n\n\n<p>wojew\u00f3dztwa lubelskiego u\u015bwietniaj\u0105c swoim \u015bpiewem wiele uroczysto\u015bci, a tak\u017ce realizuj\u0105c<\/p>\n\n\n\n<p>projekty kulturalne na terenie miasta i wojew\u00f3dztwa. Ch\u00f3r koncertuje zar\u00f3wno w kraju, jak<\/p>\n\n\n\n<p>i zagranic\u0105, gdzie niejednokrotnie, podczas festiwali czy konkurs\u00f3w, by\u0142 doceniany nie tylko<\/p>\n\n\n\n<p>przez publiczno\u015b\u0107, ale i przez jury.<\/p>\n\n\n\n<p>Dyrygentem Ch\u00f3ru Ch\u0142opi\u0119cego \u201eS\u0142owiki Lubelskie\u201d jest Irena So\u0142tan.<\/p>\n\n\n\n<blockquote class=\"wp-block-quote is-layout-flow wp-block-quote-is-layout-flow\"><p>MIASTO: Lublin<\/p><p>DYRYGENT: Irena So\u0142tan<\/p><p>STRONA WWW: <a rel=\"noreferrer noopener\" href=\"http:\/\/www.slowikilubelskie.pl\/\" target=\"_blank\">http:\/\/www.slowikilubelskie.pl\/<\/a><\/p><p>EMAIL:<a href=\"mailto:slowikilubelskie@op.pl\">slowikilubelskie@op.pl<\/a><\/p><p>ADRES: ul. K. Lipi\u0144skiego 27\/26, 20-849 Lublin<\/p><\/blockquote>\n","protected":false},"excerpt":{"rendered":"<p>Ch\u00f3r Ch\u0142opi\u0119cy \u201eS\u0142owiki Lubelskie\u201d powsta\u0142 w 1986 roku z inicjatywy Bronis\u0142awa Mikity \u2013 \u00f3wczesnego dyrygenta lubelskiego ch\u00f3ru \u201eEcho\u201d. Siedzib\u0105 Ch\u00f3ru jest Wojew\u00f3dzki O\u015brodek Kultury w Lublinie, a opiek\u0119 &hellip;<\/p>\n","protected":false},"author":1,"featured_media":0,"parent":0,"menu_order":0,"comment_status":"closed","ping_status":"closed","template":"","meta":{"footnotes":""},"class_list":["post-196","page","type-page","status-publish","hentry"],"yoast_head":"<!-- This site is optimized with the Yoast SEO plugin v25.5 - https:\/\/yoast.com\/wordpress\/plugins\/seo\/ -->\n<title>S\u0142owiki Lubelskie - Polska Federacja Pueri Cantores<\/title>\n<meta name=\"robots\" content=\"index, follow, max-snippet:-1, max-image-preview:large, max-video-preview:-1\" \/>\n<link rel=\"canonical\" href=\"https:\/\/puericantores.pl\/?page_id=196\" \/>\n<meta property=\"og:locale\" content=\"pl_PL\" \/>\n<meta property=\"og:type\" content=\"article\" \/>\n<meta property=\"og:title\" content=\"S\u0142owiki Lubelskie - Polska Federacja Pueri Cantores\" \/>\n<meta property=\"og:description\" content=\"Ch\u00f3r Ch\u0142opi\u0119cy \u201eS\u0142owiki Lubelskie\u201d powsta\u0142 w 1986 roku z inicjatywy Bronis\u0142awa Mikity \u2013 \u00f3wczesnego dyrygenta lubelskiego ch\u00f3ru \u201eEcho\u201d. Siedzib\u0105 Ch\u00f3ru jest Wojew\u00f3dzki O\u015brodek Kultury w Lublinie, a opiek\u0119 &hellip;\" \/>\n<meta property=\"og:url\" content=\"https:\/\/puericantores.pl\/?page_id=196\" \/>\n<meta property=\"og:site_name\" content=\"Polska Federacja Pueri Cantores\" \/>\n<meta name=\"twitter:card\" content=\"summary_large_image\" \/>\n<meta name=\"twitter:label1\" content=\"Szacowany czas czytania\" \/>\n\t<meta name=\"twitter:data1\" content=\"1 minuta\" \/>\n<script type=\"application\/ld+json\" class=\"yoast-schema-graph\">{\"@context\":\"https:\/\/schema.org\",\"@graph\":[{\"@type\":\"WebPage\",\"@id\":\"https:\/\/puericantores.pl\/?page_id=196\",\"url\":\"https:\/\/puericantores.pl\/?page_id=196\",\"name\":\"S\u0142owiki Lubelskie - Polska Federacja Pueri Cantores\",\"isPartOf\":{\"@id\":\"http:\/\/puericantores.pl\/#website\"},\"datePublished\":\"2022-10-23T22:57:18+00:00\",\"breadcrumb\":{\"@id\":\"https:\/\/puericantores.pl\/?page_id=196#breadcrumb\"},\"inLanguage\":\"pl-PL\",\"potentialAction\":[{\"@type\":\"ReadAction\",\"target\":[\"https:\/\/puericantores.pl\/?page_id=196\"]}]},{\"@type\":\"BreadcrumbList\",\"@id\":\"https:\/\/puericantores.pl\/?page_id=196#breadcrumb\",\"itemListElement\":[{\"@type\":\"ListItem\",\"position\":1,\"name\":\"Home\",\"item\":\"http:\/\/puericantores.pl\/\"},{\"@type\":\"ListItem\",\"position\":2,\"name\":\"S\u0142owiki Lubelskie\"}]},{\"@type\":\"WebSite\",\"@id\":\"http:\/\/puericantores.pl\/#website\",\"url\":\"http:\/\/puericantores.pl\/\",\"name\":\"Polska Federacja Pueri Cantores\",\"description\":\"\",\"publisher\":{\"@id\":\"http:\/\/puericantores.pl\/#organization\"},\"potentialAction\":[{\"@type\":\"SearchAction\",\"target\":{\"@type\":\"EntryPoint\",\"urlTemplate\":\"http:\/\/puericantores.pl\/?s={search_term_string}\"},\"query-input\":{\"@type\":\"PropertyValueSpecification\",\"valueRequired\":true,\"valueName\":\"search_term_string\"}}],\"inLanguage\":\"pl-PL\"},{\"@type\":\"Organization\",\"@id\":\"http:\/\/puericantores.pl\/#organization\",\"name\":\"Polska Federacja Pueri Cantores\",\"url\":\"http:\/\/puericantores.pl\/\",\"logo\":{\"@type\":\"ImageObject\",\"inLanguage\":\"pl-PL\",\"@id\":\"http:\/\/puericantores.pl\/#\/schema\/logo\/image\/\",\"url\":\"https:\/\/puericantores.pl\/wp-content\/uploads\/2022\/10\/cropped-cropped-pueri.png\",\"contentUrl\":\"https:\/\/puericantores.pl\/wp-content\/uploads\/2022\/10\/cropped-cropped-pueri.png\",\"width\":512,\"height\":512,\"caption\":\"Polska Federacja Pueri Cantores\"},\"image\":{\"@id\":\"http:\/\/puericantores.pl\/#\/schema\/logo\/image\/\"}}]}<\/script>\n<!-- \/ Yoast SEO plugin. -->","yoast_head_json":{"title":"S\u0142owiki Lubelskie - Polska Federacja Pueri Cantores","robots":{"index":"index","follow":"follow","max-snippet":"max-snippet:-1","max-image-preview":"max-image-preview:large","max-video-preview":"max-video-preview:-1"},"canonical":"https:\/\/puericantores.pl\/?page_id=196","og_locale":"pl_PL","og_type":"article","og_title":"S\u0142owiki Lubelskie - Polska Federacja Pueri Cantores","og_description":"Ch\u00f3r Ch\u0142opi\u0119cy \u201eS\u0142owiki Lubelskie\u201d powsta\u0142 w 1986 roku z inicjatywy Bronis\u0142awa Mikity \u2013 \u00f3wczesnego dyrygenta lubelskiego ch\u00f3ru \u201eEcho\u201d. Siedzib\u0105 Ch\u00f3ru jest Wojew\u00f3dzki O\u015brodek Kultury w Lublinie, a opiek\u0119 &hellip;","og_url":"https:\/\/puericantores.pl\/?page_id=196","og_site_name":"Polska Federacja Pueri Cantores","twitter_card":"summary_large_image","twitter_misc":{"Szacowany czas czytania":"1 minuta"},"schema":{"@context":"https:\/\/schema.org","@graph":[{"@type":"WebPage","@id":"https:\/\/puericantores.pl\/?page_id=196","url":"https:\/\/puericantores.pl\/?page_id=196","name":"S\u0142owiki Lubelskie - Polska Federacja Pueri Cantores","isPartOf":{"@id":"http:\/\/puericantores.pl\/#website"},"datePublished":"2022-10-23T22:57:18+00:00","breadcrumb":{"@id":"https:\/\/puericantores.pl\/?page_id=196#breadcrumb"},"inLanguage":"pl-PL","potentialAction":[{"@type":"ReadAction","target":["https:\/\/puericantores.pl\/?page_id=196"]}]},{"@type":"BreadcrumbList","@id":"https:\/\/puericantores.pl\/?page_id=196#breadcrumb","itemListElement":[{"@type":"ListItem","position":1,"name":"Home","item":"http:\/\/puericantores.pl\/"},{"@type":"ListItem","position":2,"name":"S\u0142owiki Lubelskie"}]},{"@type":"WebSite","@id":"http:\/\/puericantores.pl\/#website","url":"http:\/\/puericantores.pl\/","name":"Polska Federacja Pueri Cantores","description":"","publisher":{"@id":"http:\/\/puericantores.pl\/#organization"},"potentialAction":[{"@type":"SearchAction","target":{"@type":"EntryPoint","urlTemplate":"http:\/\/puericantores.pl\/?s={search_term_string}"},"query-input":{"@type":"PropertyValueSpecification","valueRequired":true,"valueName":"search_term_string"}}],"inLanguage":"pl-PL"},{"@type":"Organization","@id":"http:\/\/puericantores.pl\/#organization","name":"Polska Federacja Pueri Cantores","url":"http:\/\/puericantores.pl\/","logo":{"@type":"ImageObject","inLanguage":"pl-PL","@id":"http:\/\/puericantores.pl\/#\/schema\/logo\/image\/","url":"https:\/\/puericantores.pl\/wp-content\/uploads\/2022\/10\/cropped-cropped-pueri.png","contentUrl":"https:\/\/puericantores.pl\/wp-content\/uploads\/2022\/10\/cropped-cropped-pueri.png","width":512,"height":512,"caption":"Polska Federacja Pueri Cantores"},"image":{"@id":"http:\/\/puericantores.pl\/#\/schema\/logo\/image\/"}}]}},"_links":{"self":[{"href":"https:\/\/puericantores.pl\/index.php?rest_route=\/wp\/v2\/pages\/196","targetHints":{"allow":["GET"]}}],"collection":[{"href":"https:\/\/puericantores.pl\/index.php?rest_route=\/wp\/v2\/pages"}],"about":[{"href":"https:\/\/puericantores.pl\/index.php?rest_route=\/wp\/v2\/types\/page"}],"author":[{"embeddable":true,"href":"https:\/\/puericantores.pl\/index.php?rest_route=\/wp\/v2\/users\/1"}],"replies":[{"embeddable":true,"href":"https:\/\/puericantores.pl\/index.php?rest_route=%2Fwp%2Fv2%2Fcomments&post=196"}],"version-history":[{"count":1,"href":"https:\/\/puericantores.pl\/index.php?rest_route=\/wp\/v2\/pages\/196\/revisions"}],"predecessor-version":[{"id":197,"href":"https:\/\/puericantores.pl\/index.php?rest_route=\/wp\/v2\/pages\/196\/revisions\/197"}],"wp:attachment":[{"href":"https:\/\/puericantores.pl\/index.php?rest_route=%2Fwp%2Fv2%2Fmedia&parent=196"}],"curies":[{"name":"wp","href":"https:\/\/api.w.org\/{rel}","templated":true}]}}