{"id":284,"date":"2025-09-08T20:36:24","date_gmt":"2025-09-08T18:36:24","guid":{"rendered":"https:\/\/puericantores.pl\/?page_id=284"},"modified":"2025-09-10T22:05:41","modified_gmt":"2025-09-10T20:05:41","slug":"i-ogolnopolskie-forum-choralne-pueri-cantores-miedzyzdroje-2025","status":"publish","type":"page","link":"https:\/\/puericantores.pl\/?page_id=284","title":{"rendered":"I Og\u00f3lnopolskie Forum Ch\u00f3ralne Pueri Cantores Mi\u0119dzyzdroje 2025"},"content":{"rendered":"\t\t<div data-elementor-type=\"wp-page\" data-elementor-id=\"284\" class=\"elementor elementor-284\">\n\t\t\t\t\t\t<section class=\"elementor-section elementor-top-section elementor-element elementor-element-5694efad elementor-section-boxed elementor-section-height-default elementor-section-height-default\" data-id=\"5694efad\" data-element_type=\"section\">\n\t\t\t\t\t\t<div class=\"elementor-container elementor-column-gap-default\">\n\t\t\t\t\t<div class=\"elementor-column elementor-col-100 elementor-top-column elementor-element elementor-element-14eb9945\" data-id=\"14eb9945\" data-element_type=\"column\">\n\t\t\t<div class=\"elementor-widget-wrap elementor-element-populated\">\n\t\t\t\t\t\t<div class=\"elementor-element elementor-element-39cffeda elementor-widget elementor-widget-text-editor\" data-id=\"39cffeda\" data-element_type=\"widget\" data-widget_type=\"text-editor.default\">\n\t\t\t\t<div class=\"elementor-widget-container\">\n\t\t\t\t\t\t\t\t\t\n<figure class=\"wp-block-gallery has-nested-images columns-default is-cropped wp-block-gallery-2 is-layout-flex wp-block-gallery-is-layout-flex\"><\/figure>\n\t\t\t\t\t\t\t\t<\/div>\n\t\t\t\t<\/div>\n\t\t\t\t\t<\/div>\n\t\t<\/div>\n\t\t\t\t\t<\/div>\n\t\t<\/section>\n\t\t\t\t<section class=\"elementor-section elementor-top-section elementor-element elementor-element-ddbe990 elementor-section-boxed elementor-section-height-default elementor-section-height-default\" data-id=\"ddbe990\" data-element_type=\"section\">\n\t\t\t\t\t\t<div class=\"elementor-container elementor-column-gap-default\">\n\t\t\t\t\t<div class=\"elementor-column elementor-col-100 elementor-top-column elementor-element elementor-element-c1a2a91\" data-id=\"c1a2a91\" data-element_type=\"column\">\n\t\t\t<div class=\"elementor-widget-wrap elementor-element-populated\">\n\t\t\t\t\t\t<div class=\"elementor-element elementor-element-6474758 elementor-widget elementor-widget-image\" data-id=\"6474758\" data-element_type=\"widget\" data-widget_type=\"image.default\">\n\t\t\t\t<div class=\"elementor-widget-container\">\n\t\t\t\t\t\t\t\t\t\t\t\t\t\t\t<img fetchpriority=\"high\" decoding=\"async\" width=\"1024\" height=\"131\" src=\"https:\/\/puericantores.pl\/wp-content\/uploads\/2025\/09\/KPO_barwy-RP_NextGenerationEU_poziom_zestawienie_podstawowe_-RGB-1024x131.jpg\" class=\"attachment-large size-large wp-image-285\" alt=\"\" srcset=\"https:\/\/puericantores.pl\/wp-content\/uploads\/2025\/09\/KPO_barwy-RP_NextGenerationEU_poziom_zestawienie_podstawowe_-RGB-1024x131.jpg 1024w, https:\/\/puericantores.pl\/wp-content\/uploads\/2025\/09\/KPO_barwy-RP_NextGenerationEU_poziom_zestawienie_podstawowe_-RGB-300x38.jpg 300w, https:\/\/puericantores.pl\/wp-content\/uploads\/2025\/09\/KPO_barwy-RP_NextGenerationEU_poziom_zestawienie_podstawowe_-RGB-768x98.jpg 768w, https:\/\/puericantores.pl\/wp-content\/uploads\/2025\/09\/KPO_barwy-RP_NextGenerationEU_poziom_zestawienie_podstawowe_-RGB-1536x197.jpg 1536w, https:\/\/puericantores.pl\/wp-content\/uploads\/2025\/09\/KPO_barwy-RP_NextGenerationEU_poziom_zestawienie_podstawowe_-RGB-2048x262.jpg 2048w, https:\/\/puericantores.pl\/wp-content\/uploads\/2025\/09\/KPO_barwy-RP_NextGenerationEU_poziom_zestawienie_podstawowe_-RGB-496x64.jpg 496w\" sizes=\"(max-width: 1024px) 100vw, 1024px\" \/>\t\t\t\t\t\t\t\t\t\t\t\t\t\t\t<\/div>\n\t\t\t\t<\/div>\n\t\t\t\t<div class=\"elementor-element elementor-element-522ee21 elementor-widget elementor-widget-image\" data-id=\"522ee21\" data-element_type=\"widget\" data-widget_type=\"image.default\">\n\t\t\t\t<div class=\"elementor-widget-container\">\n\t\t\t\t\t\t\t\t\t\t\t\t\t\t\t<img decoding=\"async\" width=\"1024\" height=\"351\" src=\"https:\/\/puericantores.pl\/wp-content\/uploads\/2025\/09\/KONGRES_PC_2025_LOGO-1024x351.jpg\" class=\"attachment-large size-large wp-image-286\" alt=\"\" srcset=\"https:\/\/puericantores.pl\/wp-content\/uploads\/2025\/09\/KONGRES_PC_2025_LOGO-1024x351.jpg 1024w, https:\/\/puericantores.pl\/wp-content\/uploads\/2025\/09\/KONGRES_PC_2025_LOGO-300x103.jpg 300w, https:\/\/puericantores.pl\/wp-content\/uploads\/2025\/09\/KONGRES_PC_2025_LOGO-768x263.jpg 768w, https:\/\/puericantores.pl\/wp-content\/uploads\/2025\/09\/KONGRES_PC_2025_LOGO-1536x527.jpg 1536w, https:\/\/puericantores.pl\/wp-content\/uploads\/2025\/09\/KONGRES_PC_2025_LOGO-2048x703.jpg 2048w, https:\/\/puericantores.pl\/wp-content\/uploads\/2025\/09\/KONGRES_PC_2025_LOGO-496x170.jpg 496w\" sizes=\"(max-width: 1024px) 100vw, 1024px\" \/>\t\t\t\t\t\t\t\t\t\t\t\t\t\t\t<\/div>\n\t\t\t\t<\/div>\n\t\t\t\t\t<\/div>\n\t\t<\/div>\n\t\t\t\t\t<\/div>\n\t\t<\/section>\n\t\t\t\t<section class=\"elementor-section elementor-top-section elementor-element elementor-element-725032a elementor-section-boxed elementor-section-height-default elementor-section-height-default\" data-id=\"725032a\" data-element_type=\"section\">\n\t\t\t\t\t\t<div class=\"elementor-container elementor-column-gap-default\">\n\t\t\t\t\t<div class=\"elementor-column elementor-col-100 elementor-top-column elementor-element elementor-element-9387571\" data-id=\"9387571\" data-element_type=\"column\">\n\t\t\t<div class=\"elementor-widget-wrap elementor-element-populated\">\n\t\t\t\t\t\t<div class=\"elementor-element elementor-element-d4e5171 elementor-widget elementor-widget-text-editor\" data-id=\"d4e5171\" data-element_type=\"widget\" data-widget_type=\"text-editor.default\">\n\t\t\t\t<div class=\"elementor-widget-container\">\n\t\t\t\t\t\t\t\t\t<h3><b>Program<\/b><\/h3>\n<h3><b>11.09.2025 (czwartek)<\/b><\/h3>\n<p>14:30 &#8211; Koncert w Przestrzeni Ratusza w Mi\u0119dzyzdrojach<\/p>\n<p>16:00-21:00 &#8211; Przes\u0142uchania konkursowe ch\u00f3r\u00f3w &#8211; transmisja live na kanale YouTube<\/p>\n<p>Polskiej Federacji Pueri Cantores<\/p>\n<p>https:\/\/www.youtube.com\/@polskafederacjapuericantor6842<\/p>\n<p>Mi\u0119dzynarodowy Dom Kultury w Mi\u0119dzyzdrojach<\/p>\n<p>Bohater\u00f3w Warszawy 20, 72-500 Mi\u0119dzyzdroje\u00a0\u00a0<\/p>\n<h3>12.09.2025 (pi\u0105tek)<\/h3>\n<p>10:00 &#8211; 13:00 &#8211; warsztaty dla dyrygent\u00f3w i z emisji g\u0142os\u00f3w dla ch\u00f3rzyst\u00f3w,<\/p>\n<p>Poprowadz\u0105: dr Karolina Piotrowska-Sobczak i dr hab. Piotr Ja\u0144czak,<\/p>\n<p>Mi\u0119dzynarodowy Dom Kultury w Mi\u0119dzyzdrojach<\/p>\n<p>Bohater\u00f3w Warszawy 20, 72-500 Mi\u0119dzyzdroje\u00a0\u00a0<\/p>\n<p>12:00 &#8211; Koncert w Przestrzeni Ratusza w Mi\u0119dzyzdrojach<\/p>\n<p>20:00-22:00 &#8211; koncert wieczorny Noc Ch\u00f3r\u00f3w z iluminacj\u0105 \u015bwietln\u0105,<\/p>\n<p>Taras Ratusza Miejskiego w Mi\u0119dzyzdrojach (w s\u0105siedztwie Aqua Resort)<\/p>\n<p>Modlitwa o Pok\u00f3j, po\u0142\u0105czone ch\u00f3ry, Dona nobis pacem, Piotr Ja\u0144czak<\/p>\n<p>Og\u0142oszenie werdyktu jury i wr\u0119czenie nagr\u00f3d konkursowych.<\/p>\n<p>Transmisja live na kanale YouTube Polskiej Federacji Pueri Cantores<\/p>\n<p>https:\/\/www.youtube.com\/@polskafederacjapuericantor6842<\/p>\n<h2>13.09.2025 (sobota)<\/h2>\n<p>10:00-12:00 &#8211; Pr\u00f3ba warsztatowa do Mszy \u015bw. na zako\u0144czenie Forum<\/p>\n<p>Sala Aqua Resort,\u00a0<\/p>\n<p>20:00 &#8211; Spotkanie dyrygent\u00f3w z w\u0142adzami Miasta i Bankiet, O\u015brodek Bel Mare<\/p>\n<h2>14.09.2025 (niedziela)<\/h2>\n<p>12:00 &#8211; Msza \u015bw. odpustowa na zako\u0144czenie I Og\u00f3lnopolskiego Forum Ch\u00f3ralnego Pueri<\/p>\n<p>Cantores, &#8211; transmisja live na kanale YouTube Polskiej Federacji Pueri Cantores<\/p>\n<p>https:\/\/www.youtube.com\/@polskafederacjapuericantor6842<\/p>\n<p>Konkatedra \u015bw. Jana Chrzciciela w Kamieniu Pomorskim<\/p>\n<p>Plac Katedralny, 72-400 Kamie\u0144 Pomorski<\/p>\n<h3>Wyst\u0105pi\u0105<\/h3>\n<ul>\n<li>M\u0142odziez\u0307owy Ch\u00f3r Miejski Canticum Novum z Wodzis\u0142awia S\u0301la\u0328skiego<\/li>\n<li>Katedralny Ch\u00f3r Ch\u0142opi\u0119co-M\u0119ski Pueri Cantores Resovienses &#8211; Rzesz\u00f3w<\/li>\n<li>Ch\u00f3r Ch\u0142opi\u0119cy Bazyliki Matki Boskiej Bolesnej w Limanowej<\/li>\n<li>Ch\u0142opi\u0119co-M\u0119ski Pozna\u0144ski Ch\u00f3r Katedralny<\/li>\n<li>Ch\u00f3r Szk\u00f3\u0142 Si\u00f3str Prezentek w Krakowie<\/li>\n<li>Ch\u00f3r Ma\u0142e Paradiso &#8211; Pozna\u0144<\/li>\n<li>Ch\u00f3r Dziewcz\u0119cy Paradiso Katedralne Og\u00f3lnokszta\u0142c\u0105cej Szko\u0142y Muzycznej I stopnia w Poznaniu<\/li>\n<li>Ch\u00f3r Jasnog\u00f3rskiej Szko\u0142y Muzycznej w Cz\u0119stochowie<\/li>\n<li>Ch\u00f3r Dziewcz\u0119cy KOSY &#8211; Pozna\u0144<\/li>\n<li>Jasnog\u00f3rski Ch\u00f3r Dziewcz\u0119cy Filiae Mariae &#8211; Cz\u0119stochowa<\/li>\n<li>Jasnog\u00f3rski Ch\u00f3r Ch\u0142opi\u0119co-M\u0119ski Pueri Claromontani &#8211; Cz\u0119stochowa<\/li>\n<li>Ch\u00f3r Ch\u0142opi\u0119cy S\u0142owiki Lubelskie Dzielnicowego Domu Kultury Bronowice &#8211; Lublin<\/li>\n<li>Ch\u00f3r Il Canto-Magnificat &#8211; Warszawa<\/li>\n<li>Ch\u00f3r CANTICUM NOVUM &#8211; Suszec<\/li>\n<li>Ch\u00f3r Dzieci\u0119co-M\u0119ski Gregorianum &#8211; Warszawa<\/li>\n<li>Ch\u00f3r Inovroclaviensis Cantans &#8211; Inowroc\u0142aw<\/li>\n<\/ul>\t\t\t\t\t\t\t\t<\/div>\n\t\t\t\t<\/div>\n\t\t\t\t<div class=\"elementor-element elementor-element-6c8328a elementor-widget elementor-widget-text-editor\" data-id=\"6c8328a\" data-element_type=\"widget\" data-widget_type=\"text-editor.default\">\n\t\t\t\t<div class=\"elementor-widget-container\">\n\t\t\t\t\t\t\t\t\t<h2>Organizatorzy:<\/h2>\t\t\t\t\t\t\t\t<\/div>\n\t\t\t\t<\/div>\n\t\t\t\t<div class=\"elementor-element elementor-element-d18fc52 elementor-widget elementor-widget-image\" data-id=\"d18fc52\" data-element_type=\"widget\" data-widget_type=\"image.default\">\n\t\t\t\t<div class=\"elementor-widget-container\">\n\t\t\t\t\t\t\t\t\t\t\t\t\t\t\t<img decoding=\"async\" width=\"300\" height=\"269\" src=\"https:\/\/puericantores.pl\/wp-content\/uploads\/2025\/09\/Logo-Polska-Fedracja-Pueri-Cantores-4-1-300x269.jpg\" class=\"attachment-medium size-medium wp-image-287\" alt=\"\" srcset=\"https:\/\/puericantores.pl\/wp-content\/uploads\/2025\/09\/Logo-Polska-Fedracja-Pueri-Cantores-4-1-300x269.jpg 300w, https:\/\/puericantores.pl\/wp-content\/uploads\/2025\/09\/Logo-Polska-Fedracja-Pueri-Cantores-4-1-1024x919.jpg 1024w, https:\/\/puericantores.pl\/wp-content\/uploads\/2025\/09\/Logo-Polska-Fedracja-Pueri-Cantores-4-1-768x689.jpg 768w, https:\/\/puericantores.pl\/wp-content\/uploads\/2025\/09\/Logo-Polska-Fedracja-Pueri-Cantores-4-1-334x300.jpg 334w, https:\/\/puericantores.pl\/wp-content\/uploads\/2025\/09\/Logo-Polska-Fedracja-Pueri-Cantores-4-1.jpg 1374w\" sizes=\"(max-width: 300px) 100vw, 300px\" \/>\t\t\t\t\t\t\t\t\t\t\t\t\t\t\t<\/div>\n\t\t\t\t<\/div>\n\t\t\t\t<div class=\"elementor-element elementor-element-5e1fc7f elementor-widget elementor-widget-text-editor\" data-id=\"5e1fc7f\" data-element_type=\"widget\" data-widget_type=\"text-editor.default\">\n\t\t\t\t<div class=\"elementor-widget-container\">\n\t\t\t\t\t\t\t\t\t<h2>Partnerzy:<\/h2>\t\t\t\t\t\t\t\t<\/div>\n\t\t\t\t<\/div>\n\t\t\t\t<div class=\"elementor-element elementor-element-26aaff9 elementor-widget elementor-widget-image\" data-id=\"26aaff9\" data-element_type=\"widget\" data-widget_type=\"image.default\">\n\t\t\t\t<div class=\"elementor-widget-container\">\n\t\t\t\t\t\t\t\t\t\t\t\t\t\t\t<img loading=\"lazy\" decoding=\"async\" width=\"300\" height=\"123\" src=\"https:\/\/puericantores.pl\/wp-content\/uploads\/2025\/09\/Logo-Aqua-Resort-300x123.jpg\" class=\"attachment-medium size-medium wp-image-289\" alt=\"\" srcset=\"https:\/\/puericantores.pl\/wp-content\/uploads\/2025\/09\/Logo-Aqua-Resort-300x123.jpg 300w, https:\/\/puericantores.pl\/wp-content\/uploads\/2025\/09\/Logo-Aqua-Resort-1024x421.jpg 1024w, https:\/\/puericantores.pl\/wp-content\/uploads\/2025\/09\/Logo-Aqua-Resort-768x316.jpg 768w, https:\/\/puericantores.pl\/wp-content\/uploads\/2025\/09\/Logo-Aqua-Resort-1536x632.jpg 1536w, https:\/\/puericantores.pl\/wp-content\/uploads\/2025\/09\/Logo-Aqua-Resort-496x204.jpg 496w, https:\/\/puericantores.pl\/wp-content\/uploads\/2025\/09\/Logo-Aqua-Resort.jpg 1556w\" sizes=\"(max-width: 300px) 100vw, 300px\" \/>\t\t\t\t\t\t\t\t\t\t\t\t\t\t\t<\/div>\n\t\t\t\t<\/div>\n\t\t\t\t<div class=\"elementor-element elementor-element-b359f4b elementor-widget elementor-widget-image\" data-id=\"b359f4b\" data-element_type=\"widget\" data-widget_type=\"image.default\">\n\t\t\t\t<div class=\"elementor-widget-container\">\n\t\t\t\t\t\t\t\t\t\t\t\t\t\t\t<img loading=\"lazy\" decoding=\"async\" width=\"300\" height=\"165\" src=\"https:\/\/puericantores.pl\/wp-content\/uploads\/2025\/09\/Miedzyzdroje-300x165.jpg\" class=\"attachment-medium size-medium wp-image-288\" alt=\"\" srcset=\"https:\/\/puericantores.pl\/wp-content\/uploads\/2025\/09\/Miedzyzdroje-300x165.jpg 300w, https:\/\/puericantores.pl\/wp-content\/uploads\/2025\/09\/Miedzyzdroje.jpg 457w\" sizes=\"(max-width: 300px) 100vw, 300px\" \/>\t\t\t\t\t\t\t\t\t\t\t\t\t\t\t<\/div>\n\t\t\t\t<\/div>\n\t\t\t\t<div class=\"elementor-element elementor-element-f3b02ca elementor-widget elementor-widget-image\" data-id=\"f3b02ca\" data-element_type=\"widget\" data-widget_type=\"image.default\">\n\t\t\t\t<div class=\"elementor-widget-container\">\n\t\t\t\t\t\t\t\t\t\t\t\t\t\t\t<img loading=\"lazy\" decoding=\"async\" width=\"225\" height=\"225\" src=\"https:\/\/puericantores.pl\/wp-content\/uploads\/2025\/09\/obraz_2025-09-09_170509961.png\" class=\"attachment-medium size-medium wp-image-297\" alt=\"\" srcset=\"https:\/\/puericantores.pl\/wp-content\/uploads\/2025\/09\/obraz_2025-09-09_170509961.png 225w, https:\/\/puericantores.pl\/wp-content\/uploads\/2025\/09\/obraz_2025-09-09_170509961-150x150.png 150w\" sizes=\"(max-width: 225px) 100vw, 225px\" \/>\t\t\t\t\t\t\t\t\t\t\t\t\t\t\t<\/div>\n\t\t\t\t<\/div>\n\t\t\t\t\t<\/div>\n\t\t<\/div>\n\t\t\t\t\t<\/div>\n\t\t<\/section>\n\t\t\t\t<\/div>\n\t\t","protected":false},"excerpt":{"rendered":"<p>Program 11.09.2025 (czwartek) 14:30 &#8211; Koncert w Przestrzeni Ratusza w Mi\u0119dzyzdrojach 16:00-21:00 &#8211; Przes\u0142uchania konkursowe ch\u00f3r\u00f3w &#8211; transmisja live na kanale YouTube Polskiej Federacji Pueri Cantores https:\/\/www.youtube.com\/@polskafederacjapuericantor6842 Mi\u0119dzynarodowy &hellip;<\/p>\n","protected":false},"author":7,"featured_media":0,"parent":0,"menu_order":0,"comment_status":"closed","ping_status":"closed","template":"","meta":{"footnotes":""},"class_list":["post-284","page","type-page","status-publish","hentry"],"yoast_head":"<!-- This site is optimized with the Yoast SEO plugin v25.5 - https:\/\/yoast.com\/wordpress\/plugins\/seo\/ -->\n<title>I Og\u00f3lnopolskie Forum Ch\u00f3ralne Pueri Cantores Mi\u0119dzyzdroje 2025 - Polska Federacja Pueri Cantores<\/title>\n<meta name=\"robots\" content=\"index, follow, max-snippet:-1, max-image-preview:large, max-video-preview:-1\" \/>\n<link rel=\"canonical\" href=\"https:\/\/puericantores.pl\/?page_id=284\" \/>\n<meta property=\"og:locale\" content=\"pl_PL\" \/>\n<meta property=\"og:type\" content=\"article\" \/>\n<meta property=\"og:title\" content=\"I Og\u00f3lnopolskie Forum Ch\u00f3ralne Pueri Cantores Mi\u0119dzyzdroje 2025 - Polska Federacja Pueri Cantores\" \/>\n<meta property=\"og:description\" content=\"Program 11.09.2025 (czwartek) 14:30 &#8211; Koncert w Przestrzeni Ratusza w Mi\u0119dzyzdrojach 16:00-21:00 &#8211; Przes\u0142uchania konkursowe ch\u00f3r\u00f3w &#8211; transmisja live na kanale YouTube Polskiej Federacji Pueri Cantores https:\/\/www.youtube.com\/@polskafederacjapuericantor6842 Mi\u0119dzynarodowy &hellip;\" \/>\n<meta property=\"og:url\" content=\"https:\/\/puericantores.pl\/?page_id=284\" \/>\n<meta property=\"og:site_name\" content=\"Polska Federacja Pueri Cantores\" \/>\n<meta property=\"article:modified_time\" content=\"2025-09-10T20:05:41+00:00\" \/>\n<meta property=\"og:image\" content=\"http:\/\/puericantores.pl\/wp-content\/uploads\/2025\/09\/KPO_barwy-RP_NextGenerationEU_poziom_zestawienie_podstawowe_-RGB-1024x131.jpg\" \/>\n<meta name=\"twitter:card\" content=\"summary_large_image\" \/>\n<meta name=\"twitter:label1\" content=\"Szacowany czas czytania\" \/>\n\t<meta name=\"twitter:data1\" content=\"3 minuty\" \/>\n<script type=\"application\/ld+json\" class=\"yoast-schema-graph\">{\"@context\":\"https:\/\/schema.org\",\"@graph\":[{\"@type\":\"WebPage\",\"@id\":\"https:\/\/puericantores.pl\/?page_id=284\",\"url\":\"https:\/\/puericantores.pl\/?page_id=284\",\"name\":\"I Og\u00f3lnopolskie Forum Ch\u00f3ralne Pueri Cantores Mi\u0119dzyzdroje 2025 - Polska Federacja Pueri Cantores\",\"isPartOf\":{\"@id\":\"http:\/\/puericantores.pl\/#website\"},\"primaryImageOfPage\":{\"@id\":\"https:\/\/puericantores.pl\/?page_id=284#primaryimage\"},\"image\":{\"@id\":\"https:\/\/puericantores.pl\/?page_id=284#primaryimage\"},\"thumbnailUrl\":\"http:\/\/puericantores.pl\/wp-content\/uploads\/2025\/09\/KPO_barwy-RP_NextGenerationEU_poziom_zestawienie_podstawowe_-RGB-1024x131.jpg\",\"datePublished\":\"2025-09-08T18:36:24+00:00\",\"dateModified\":\"2025-09-10T20:05:41+00:00\",\"breadcrumb\":{\"@id\":\"https:\/\/puericantores.pl\/?page_id=284#breadcrumb\"},\"inLanguage\":\"pl-PL\",\"potentialAction\":[{\"@type\":\"ReadAction\",\"target\":[\"https:\/\/puericantores.pl\/?page_id=284\"]}]},{\"@type\":\"ImageObject\",\"inLanguage\":\"pl-PL\",\"@id\":\"https:\/\/puericantores.pl\/?page_id=284#primaryimage\",\"url\":\"https:\/\/puericantores.pl\/wp-content\/uploads\/2025\/09\/KPO_barwy-RP_NextGenerationEU_poziom_zestawienie_podstawowe_-RGB-scaled.jpg\",\"contentUrl\":\"https:\/\/puericantores.pl\/wp-content\/uploads\/2025\/09\/KPO_barwy-RP_NextGenerationEU_poziom_zestawienie_podstawowe_-RGB-scaled.jpg\",\"width\":2560,\"height\":328},{\"@type\":\"BreadcrumbList\",\"@id\":\"https:\/\/puericantores.pl\/?page_id=284#breadcrumb\",\"itemListElement\":[{\"@type\":\"ListItem\",\"position\":1,\"name\":\"Home\",\"item\":\"http:\/\/puericantores.pl\/\"},{\"@type\":\"ListItem\",\"position\":2,\"name\":\"I Og\u00f3lnopolskie Forum Ch\u00f3ralne Pueri Cantores Mi\u0119dzyzdroje 2025\"}]},{\"@type\":\"WebSite\",\"@id\":\"http:\/\/puericantores.pl\/#website\",\"url\":\"http:\/\/puericantores.pl\/\",\"name\":\"Polska Federacja Pueri Cantores\",\"description\":\"\",\"publisher\":{\"@id\":\"http:\/\/puericantores.pl\/#organization\"},\"potentialAction\":[{\"@type\":\"SearchAction\",\"target\":{\"@type\":\"EntryPoint\",\"urlTemplate\":\"http:\/\/puericantores.pl\/?s={search_term_string}\"},\"query-input\":{\"@type\":\"PropertyValueSpecification\",\"valueRequired\":true,\"valueName\":\"search_term_string\"}}],\"inLanguage\":\"pl-PL\"},{\"@type\":\"Organization\",\"@id\":\"http:\/\/puericantores.pl\/#organization\",\"name\":\"Polska Federacja Pueri Cantores\",\"url\":\"http:\/\/puericantores.pl\/\",\"logo\":{\"@type\":\"ImageObject\",\"inLanguage\":\"pl-PL\",\"@id\":\"http:\/\/puericantores.pl\/#\/schema\/logo\/image\/\",\"url\":\"https:\/\/puericantores.pl\/wp-content\/uploads\/2022\/10\/cropped-cropped-pueri.png\",\"contentUrl\":\"https:\/\/puericantores.pl\/wp-content\/uploads\/2022\/10\/cropped-cropped-pueri.png\",\"width\":512,\"height\":512,\"caption\":\"Polska Federacja Pueri Cantores\"},\"image\":{\"@id\":\"http:\/\/puericantores.pl\/#\/schema\/logo\/image\/\"}}]}<\/script>\n<!-- \/ Yoast SEO plugin. -->","yoast_head_json":{"title":"I Og\u00f3lnopolskie Forum Ch\u00f3ralne Pueri Cantores Mi\u0119dzyzdroje 2025 - Polska Federacja Pueri Cantores","robots":{"index":"index","follow":"follow","max-snippet":"max-snippet:-1","max-image-preview":"max-image-preview:large","max-video-preview":"max-video-preview:-1"},"canonical":"https:\/\/puericantores.pl\/?page_id=284","og_locale":"pl_PL","og_type":"article","og_title":"I Og\u00f3lnopolskie Forum Ch\u00f3ralne Pueri Cantores Mi\u0119dzyzdroje 2025 - Polska Federacja Pueri Cantores","og_description":"Program 11.09.2025 (czwartek) 14:30 &#8211; Koncert w Przestrzeni Ratusza w Mi\u0119dzyzdrojach 16:00-21:00 &#8211; Przes\u0142uchania konkursowe ch\u00f3r\u00f3w &#8211; transmisja live na kanale YouTube Polskiej Federacji Pueri Cantores https:\/\/www.youtube.com\/@polskafederacjapuericantor6842 Mi\u0119dzynarodowy &hellip;","og_url":"https:\/\/puericantores.pl\/?page_id=284","og_site_name":"Polska Federacja Pueri Cantores","article_modified_time":"2025-09-10T20:05:41+00:00","og_image":[{"url":"http:\/\/puericantores.pl\/wp-content\/uploads\/2025\/09\/KPO_barwy-RP_NextGenerationEU_poziom_zestawienie_podstawowe_-RGB-1024x131.jpg","type":"","width":"","height":""}],"twitter_card":"summary_large_image","twitter_misc":{"Szacowany czas czytania":"3 minuty"},"schema":{"@context":"https:\/\/schema.org","@graph":[{"@type":"WebPage","@id":"https:\/\/puericantores.pl\/?page_id=284","url":"https:\/\/puericantores.pl\/?page_id=284","name":"I Og\u00f3lnopolskie Forum Ch\u00f3ralne Pueri Cantores Mi\u0119dzyzdroje 2025 - Polska Federacja Pueri Cantores","isPartOf":{"@id":"http:\/\/puericantores.pl\/#website"},"primaryImageOfPage":{"@id":"https:\/\/puericantores.pl\/?page_id=284#primaryimage"},"image":{"@id":"https:\/\/puericantores.pl\/?page_id=284#primaryimage"},"thumbnailUrl":"http:\/\/puericantores.pl\/wp-content\/uploads\/2025\/09\/KPO_barwy-RP_NextGenerationEU_poziom_zestawienie_podstawowe_-RGB-1024x131.jpg","datePublished":"2025-09-08T18:36:24+00:00","dateModified":"2025-09-10T20:05:41+00:00","breadcrumb":{"@id":"https:\/\/puericantores.pl\/?page_id=284#breadcrumb"},"inLanguage":"pl-PL","potentialAction":[{"@type":"ReadAction","target":["https:\/\/puericantores.pl\/?page_id=284"]}]},{"@type":"ImageObject","inLanguage":"pl-PL","@id":"https:\/\/puericantores.pl\/?page_id=284#primaryimage","url":"https:\/\/puericantores.pl\/wp-content\/uploads\/2025\/09\/KPO_barwy-RP_NextGenerationEU_poziom_zestawienie_podstawowe_-RGB-scaled.jpg","contentUrl":"https:\/\/puericantores.pl\/wp-content\/uploads\/2025\/09\/KPO_barwy-RP_NextGenerationEU_poziom_zestawienie_podstawowe_-RGB-scaled.jpg","width":2560,"height":328},{"@type":"BreadcrumbList","@id":"https:\/\/puericantores.pl\/?page_id=284#breadcrumb","itemListElement":[{"@type":"ListItem","position":1,"name":"Home","item":"http:\/\/puericantores.pl\/"},{"@type":"ListItem","position":2,"name":"I Og\u00f3lnopolskie Forum Ch\u00f3ralne Pueri Cantores Mi\u0119dzyzdroje 2025"}]},{"@type":"WebSite","@id":"http:\/\/puericantores.pl\/#website","url":"http:\/\/puericantores.pl\/","name":"Polska Federacja Pueri Cantores","description":"","publisher":{"@id":"http:\/\/puericantores.pl\/#organization"},"potentialAction":[{"@type":"SearchAction","target":{"@type":"EntryPoint","urlTemplate":"http:\/\/puericantores.pl\/?s={search_term_string}"},"query-input":{"@type":"PropertyValueSpecification","valueRequired":true,"valueName":"search_term_string"}}],"inLanguage":"pl-PL"},{"@type":"Organization","@id":"http:\/\/puericantores.pl\/#organization","name":"Polska Federacja Pueri Cantores","url":"http:\/\/puericantores.pl\/","logo":{"@type":"ImageObject","inLanguage":"pl-PL","@id":"http:\/\/puericantores.pl\/#\/schema\/logo\/image\/","url":"https:\/\/puericantores.pl\/wp-content\/uploads\/2022\/10\/cropped-cropped-pueri.png","contentUrl":"https:\/\/puericantores.pl\/wp-content\/uploads\/2022\/10\/cropped-cropped-pueri.png","width":512,"height":512,"caption":"Polska Federacja Pueri Cantores"},"image":{"@id":"http:\/\/puericantores.pl\/#\/schema\/logo\/image\/"}}]}},"_links":{"self":[{"href":"https:\/\/puericantores.pl\/index.php?rest_route=\/wp\/v2\/pages\/284","targetHints":{"allow":["GET"]}}],"collection":[{"href":"https:\/\/puericantores.pl\/index.php?rest_route=\/wp\/v2\/pages"}],"about":[{"href":"https:\/\/puericantores.pl\/index.php?rest_route=\/wp\/v2\/types\/page"}],"author":[{"embeddable":true,"href":"https:\/\/puericantores.pl\/index.php?rest_route=\/wp\/v2\/users\/7"}],"replies":[{"embeddable":true,"href":"https:\/\/puericantores.pl\/index.php?rest_route=%2Fwp%2Fv2%2Fcomments&post=284"}],"version-history":[{"count":9,"href":"https:\/\/puericantores.pl\/index.php?rest_route=\/wp\/v2\/pages\/284\/revisions"}],"predecessor-version":[{"id":303,"href":"https:\/\/puericantores.pl\/index.php?rest_route=\/wp\/v2\/pages\/284\/revisions\/303"}],"wp:attachment":[{"href":"https:\/\/puericantores.pl\/index.php?rest_route=%2Fwp%2Fv2%2Fmedia&parent=284"}],"curies":[{"name":"wp","href":"https:\/\/api.w.org\/{rel}","templated":true}]}}